{"id":1242,"date":"2022-08-01T16:09:13","date_gmt":"2022-08-01T16:09:13","guid":{"rendered":"https:\/\/impromurcia.com\/?page_id=1242"},"modified":"2022-08-01T16:12:53","modified_gmt":"2022-08-01T16:12:53","slug":"e","status":"publish","type":"page","link":"https:\/\/impromurcia.com\/index.php\/e\/","title":{"rendered":"El Hotel"},"content":{"rendered":"\t\t<div data-elementor-type=\"wp-page\" data-elementor-id=\"1242\" class=\"elementor elementor-1242\">\n\t\t\t\t\t\t<section class=\"elementor-section elementor-top-section elementor-element elementor-element-4aea692 elementor-section-stretched elementor-section-boxed elementor-section-height-default elementor-section-height-default\" data-id=\"4aea692\" data-element_type=\"section\" data-settings=\"{&quot;stretch_section&quot;:&quot;section-stretched&quot;,&quot;background_background&quot;:&quot;classic&quot;}\">\n\t\t\t\t\t\t<div class=\"elementor-container elementor-column-gap-default\">\n\t\t\t\t\t<div class=\"elementor-column elementor-col-100 elementor-top-column elementor-element elementor-element-e1c7159\" data-id=\"e1c7159\" data-element_type=\"column\">\n\t\t\t<div class=\"elementor-widget-wrap elementor-element-populated\">\n\t\t\t\t\t\t<div class=\"elementor-element elementor-element-bef5b88 elementor-widget elementor-widget-heading\" data-id=\"bef5b88\" data-element_type=\"widget\" data-widget_type=\"heading.default\">\n\t\t\t\t<div class=\"elementor-widget-container\">\n\t\t\t\t\t<h2 class=\"elementor-heading-title elementor-size-default\">El Hotel<\/h2>\t\t\t\t<\/div>\n\t\t\t\t<\/div>\n\t\t\t\t\t<\/div>\n\t\t<\/div>\n\t\t\t\t\t<\/div>\n\t\t<\/section>\n\t\t\t\t<section class=\"elementor-section elementor-top-section elementor-element elementor-element-40b035c elementor-section-stretched elementor-section-boxed elementor-section-height-default elementor-section-height-default\" data-id=\"40b035c\" data-element_type=\"section\" data-settings=\"{&quot;stretch_section&quot;:&quot;section-stretched&quot;,&quot;background_background&quot;:&quot;classic&quot;}\">\n\t\t\t\t\t\t<div class=\"elementor-container elementor-column-gap-default\">\n\t\t\t\t\t<div class=\"elementor-column elementor-col-33 elementor-top-column elementor-element elementor-element-6f70272\" data-id=\"6f70272\" data-element_type=\"column\">\n\t\t\t<div class=\"elementor-widget-wrap elementor-element-populated\">\n\t\t\t\t\t\t<div class=\"elementor-element elementor-element-b708217 elementor-widget elementor-widget-image\" data-id=\"b708217\" data-element_type=\"widget\" data-widget_type=\"image.default\">\n\t\t\t\t<div class=\"elementor-widget-container\">\n\t\t\t\t\t\t\t\t\t\t\t\t\t\t\t<img fetchpriority=\"high\" decoding=\"async\" width=\"724\" height=\"1024\" src=\"https:\/\/impromurcia.com\/wp-content\/uploads\/2022\/08\/Cartel-el-hotel-724x1024.png\" class=\"attachment-large size-large wp-image-1227\" alt=\"\" srcset=\"https:\/\/impromurcia.com\/wp-content\/uploads\/2022\/08\/Cartel-el-hotel-724x1024.png 724w, https:\/\/impromurcia.com\/wp-content\/uploads\/2022\/08\/Cartel-el-hotel-212x300.png 212w, https:\/\/impromurcia.com\/wp-content\/uploads\/2022\/08\/Cartel-el-hotel-768x1086.png 768w, https:\/\/impromurcia.com\/wp-content\/uploads\/2022\/08\/Cartel-el-hotel-1086x1536.png 1086w, https:\/\/impromurcia.com\/wp-content\/uploads\/2022\/08\/Cartel-el-hotel-1448x2048.png 1448w, https:\/\/impromurcia.com\/wp-content\/uploads\/2022\/08\/Cartel-el-hotel-830x1174.png 830w, https:\/\/impromurcia.com\/wp-content\/uploads\/2022\/08\/Cartel-el-hotel-230x325.png 230w, https:\/\/impromurcia.com\/wp-content\/uploads\/2022\/08\/Cartel-el-hotel-350x495.png 350w, https:\/\/impromurcia.com\/wp-content\/uploads\/2022\/08\/Cartel-el-hotel-480x679.png 480w\" sizes=\"(max-width: 724px) 100vw, 724px\" \/>\t\t\t\t\t\t\t\t\t\t\t\t\t\t\t<\/div>\n\t\t\t\t<\/div>\n\t\t\t\t\t<\/div>\n\t\t<\/div>\n\t\t\t\t<div class=\"elementor-column elementor-col-66 elementor-top-column elementor-element elementor-element-617d869\" data-id=\"617d869\" data-element_type=\"column\">\n\t\t\t<div class=\"elementor-widget-wrap elementor-element-populated\">\n\t\t\t\t\t\t<div class=\"elementor-element elementor-element-02f249f elementor-widget elementor-widget-text-editor\" data-id=\"02f249f\" data-element_type=\"widget\" data-widget_type=\"text-editor.default\">\n\t\t\t\t<div class=\"elementor-widget-container\">\n\t\t\t\t\t\t\t\t\t<p>Un hotel es un ser vivo que palpita. Sus paredes son su piel, sus hu\u00e9spedes son sus c\u00e9lulas y su personal las arterias que sostienen el engranaje de su d\u00eda a d\u00eda. Este ente, como cualquier otro, se adapta y es influido por su medio: el contexto que le rodea, los eventos que suceden y los cambios que inevitablemente le van moldeando.<\/p><p>En este show podremos ser testigos del ciclo vital de un hotel, desde su nacimiento (su inauguraci\u00f3n) hasta su muerte (su cierre). Esta biograf\u00eda estar\u00e1 adem\u00e1s determinada por un evento hist\u00f3rico elegido por el p\u00fablico, suceso que influir\u00e1 en los personajes que habitan el hotel, en su trayectoria y su destino. La improvisaci\u00f3n har\u00e1 el resto.<\/p>\t\t\t\t\t\t\t\t<\/div>\n\t\t\t\t<\/div>\n\t\t\t\t\t<\/div>\n\t\t<\/div>\n\t\t\t\t\t<\/div>\n\t\t<\/section>\n\t\t\t\t<\/div>\n\t\t","protected":false},"excerpt":{"rendered":"<p>El Hotel Un hotel es un ser vivo que palpita. Sus paredes son su piel, sus hu\u00e9spedes son sus c\u00e9lulas y su personal las arterias que sostienen el engranaje de su d\u00eda a d\u00eda. Este ente, como cualquier otro, se adapta y es influido por su medio: el contexto que le rodea, los eventos que [&hellip;]<\/p>\n","protected":false},"author":1,"featured_media":0,"parent":0,"menu_order":0,"comment_status":"closed","ping_status":"closed","template":"","meta":{"footnotes":""},"class_list":["post-1242","page","type-page","status-publish","hentry"],"jetpack_sharing_enabled":true,"_links":{"self":[{"href":"https:\/\/impromurcia.com\/index.php\/wp-json\/wp\/v2\/pages\/1242","targetHints":{"allow":["GET"]}}],"collection":[{"href":"https:\/\/impromurcia.com\/index.php\/wp-json\/wp\/v2\/pages"}],"about":[{"href":"https:\/\/impromurcia.com\/index.php\/wp-json\/wp\/v2\/types\/page"}],"author":[{"embeddable":true,"href":"https:\/\/impromurcia.com\/index.php\/wp-json\/wp\/v2\/users\/1"}],"replies":[{"embeddable":true,"href":"https:\/\/impromurcia.com\/index.php\/wp-json\/wp\/v2\/comments?post=1242"}],"version-history":[{"count":4,"href":"https:\/\/impromurcia.com\/index.php\/wp-json\/wp\/v2\/pages\/1242\/revisions"}],"predecessor-version":[{"id":1246,"href":"https:\/\/impromurcia.com\/index.php\/wp-json\/wp\/v2\/pages\/1242\/revisions\/1246"}],"wp:attachment":[{"href":"https:\/\/impromurcia.com\/index.php\/wp-json\/wp\/v2\/media?parent=1242"}],"curies":[{"name":"wp","href":"https:\/\/api.w.org\/{rel}","templated":true}]}}