{"id":1504,"date":"2023-02-27T11:05:33","date_gmt":"2023-02-27T11:05:33","guid":{"rendered":"https:\/\/impromurcia.com\/?page_id=1504"},"modified":"2023-05-17T09:20:43","modified_gmt":"2023-05-17T09:20:43","slug":"teatralkombat","status":"publish","type":"page","link":"https:\/\/impromurcia.com\/index.php\/teatralkombat\/","title":{"rendered":"Teatral Kombat"},"content":{"rendered":"\t\t<div data-elementor-type=\"wp-page\" data-elementor-id=\"1504\" class=\"elementor elementor-1504\">\n\t\t\t\t\t\t<section class=\"elementor-section elementor-top-section elementor-element elementor-element-a1dde18 elementor-section-stretched elementor-section-boxed elementor-section-height-default elementor-section-height-default\" data-id=\"a1dde18\" data-element_type=\"section\" data-settings=\"{&quot;stretch_section&quot;:&quot;section-stretched&quot;,&quot;background_background&quot;:&quot;classic&quot;}\">\n\t\t\t\t\t\t<div class=\"elementor-container elementor-column-gap-default\">\n\t\t\t\t\t<div class=\"elementor-column elementor-col-100 elementor-top-column elementor-element elementor-element-ff589d5\" data-id=\"ff589d5\" data-element_type=\"column\">\n\t\t\t<div class=\"elementor-widget-wrap elementor-element-populated\">\n\t\t\t\t\t\t<div class=\"elementor-element elementor-element-b393a0f elementor-widget elementor-widget-heading\" data-id=\"b393a0f\" data-element_type=\"widget\" data-widget_type=\"heading.default\">\n\t\t\t\t<div class=\"elementor-widget-container\">\n\t\t\t\t\t<h2 class=\"elementor-heading-title elementor-size-default\">Teatral Kombat<\/h2>\t\t\t\t<\/div>\n\t\t\t\t<\/div>\n\t\t\t\t\t<\/div>\n\t\t<\/div>\n\t\t\t\t\t<\/div>\n\t\t<\/section>\n\t\t\t\t<section class=\"elementor-section elementor-top-section elementor-element elementor-element-d01ab78 elementor-section-stretched elementor-section-boxed elementor-section-height-default elementor-section-height-default\" data-id=\"d01ab78\" data-element_type=\"section\" data-settings=\"{&quot;stretch_section&quot;:&quot;section-stretched&quot;,&quot;background_background&quot;:&quot;classic&quot;}\">\n\t\t\t\t\t\t<div class=\"elementor-container elementor-column-gap-default\">\n\t\t\t\t\t<div class=\"elementor-column elementor-col-33 elementor-top-column elementor-element elementor-element-789425f\" data-id=\"789425f\" data-element_type=\"column\">\n\t\t\t<div class=\"elementor-widget-wrap elementor-element-populated\">\n\t\t\t\t\t\t<div class=\"elementor-element elementor-element-df1fe3d elementor-widget elementor-widget-image\" data-id=\"df1fe3d\" data-element_type=\"widget\" data-widget_type=\"image.default\">\n\t\t\t\t<div class=\"elementor-widget-container\">\n\t\t\t\t\t\t\t\t\t\t\t\t\t\t\t<img fetchpriority=\"high\" decoding=\"async\" width=\"724\" height=\"1024\" src=\"https:\/\/impromurcia.com\/wp-content\/uploads\/2023\/05\/Teatral-Kombat-724x1024.png\" class=\"attachment-large size-large wp-image-1567\" alt=\"\" srcset=\"https:\/\/impromurcia.com\/wp-content\/uploads\/2023\/05\/Teatral-Kombat-724x1024.png 724w, https:\/\/impromurcia.com\/wp-content\/uploads\/2023\/05\/Teatral-Kombat-212x300.png 212w, https:\/\/impromurcia.com\/wp-content\/uploads\/2023\/05\/Teatral-Kombat-768x1086.png 768w, https:\/\/impromurcia.com\/wp-content\/uploads\/2023\/05\/Teatral-Kombat-1086x1536.png 1086w, https:\/\/impromurcia.com\/wp-content\/uploads\/2023\/05\/Teatral-Kombat-1448x2048.png 1448w, https:\/\/impromurcia.com\/wp-content\/uploads\/2023\/05\/Teatral-Kombat-830x1174.png 830w, https:\/\/impromurcia.com\/wp-content\/uploads\/2023\/05\/Teatral-Kombat-230x325.png 230w, https:\/\/impromurcia.com\/wp-content\/uploads\/2023\/05\/Teatral-Kombat-350x495.png 350w, https:\/\/impromurcia.com\/wp-content\/uploads\/2023\/05\/Teatral-Kombat-480x679.png 480w, https:\/\/impromurcia.com\/wp-content\/uploads\/2023\/05\/Teatral-Kombat-600x848.png 600w\" sizes=\"(max-width: 724px) 100vw, 724px\" \/>\t\t\t\t\t\t\t\t\t\t\t\t\t\t\t<\/div>\n\t\t\t\t<\/div>\n\t\t\t\t\t<\/div>\n\t\t<\/div>\n\t\t\t\t<div class=\"elementor-column elementor-col-66 elementor-top-column elementor-element elementor-element-0d3a189\" data-id=\"0d3a189\" data-element_type=\"column\">\n\t\t\t<div class=\"elementor-widget-wrap elementor-element-populated\">\n\t\t\t\t\t\t<div class=\"elementor-element elementor-element-5078053 elementor-widget elementor-widget-text-editor\" data-id=\"5078053\" data-element_type=\"widget\" data-widget_type=\"text-editor.default\">\n\t\t\t\t<div class=\"elementor-widget-container\">\n\t\t\t\t\t\t\t\t\t<p>Teatral Kombat es la maravillosa fusi\u00f3n entre deporte y teatro.<span style=\"background-color: var( --e-global-color-primary );\">\u00a0<\/span><\/p><p><span style=\"background-color: var( --e-global-color-primary );\">Este emocionante acontecimiento re\u00fane a dos equipos de improvisadoras e improvisadores, para que demuestren sus dotes creativas. Durante el partido, los equipos inventar\u00e1n historias y escenas basadas en las propuestas que les lance el p\u00fablico. Todo ello supervisado por un \u00e1rbitro imparcial que llevar\u00e1 la cuenta de las \u201cfaltas\u201d que se cometan a lo largo de la batalla por la supremac\u00eda creativa.<\/span><\/p><p>Anima a estos intr\u00e9pidos jugadores mientras se enfrentan en una competici\u00f3n espectacular en la que el clamor (o la falta de clamor) del p\u00fablico, decidir\u00e1 qu\u00e9 equipo se lleva a casa el primer puesto, \u00a1no te lo pierdas!<\/p>\t\t\t\t\t\t\t\t<\/div>\n\t\t\t\t<\/div>\n\t\t\t\t\t<\/div>\n\t\t<\/div>\n\t\t\t\t\t<\/div>\n\t\t<\/section>\n\t\t\t\t<\/div>\n\t\t","protected":false},"excerpt":{"rendered":"<p>Teatral Kombat Teatral Kombat es la maravillosa fusi\u00f3n entre deporte y teatro.&nbsp; Este emocionante acontecimiento re\u00fane a dos equipos de improvisadoras e improvisadores, para que demuestren sus dotes creativas. Durante el partido, los equipos inventar\u00e1n historias y escenas basadas en las propuestas que les lance el p\u00fablico. Todo ello supervisado por un \u00e1rbitro imparcial que [&hellip;]<\/p>\n","protected":false},"author":1,"featured_media":0,"parent":0,"menu_order":0,"comment_status":"closed","ping_status":"closed","template":"","meta":{"footnotes":""},"class_list":["post-1504","page","type-page","status-publish","hentry"],"jetpack_sharing_enabled":true,"_links":{"self":[{"href":"https:\/\/impromurcia.com\/index.php\/wp-json\/wp\/v2\/pages\/1504","targetHints":{"allow":["GET"]}}],"collection":[{"href":"https:\/\/impromurcia.com\/index.php\/wp-json\/wp\/v2\/pages"}],"about":[{"href":"https:\/\/impromurcia.com\/index.php\/wp-json\/wp\/v2\/types\/page"}],"author":[{"embeddable":true,"href":"https:\/\/impromurcia.com\/index.php\/wp-json\/wp\/v2\/users\/1"}],"replies":[{"embeddable":true,"href":"https:\/\/impromurcia.com\/index.php\/wp-json\/wp\/v2\/comments?post=1504"}],"version-history":[{"count":9,"href":"https:\/\/impromurcia.com\/index.php\/wp-json\/wp\/v2\/pages\/1504\/revisions"}],"predecessor-version":[{"id":1575,"href":"https:\/\/impromurcia.com\/index.php\/wp-json\/wp\/v2\/pages\/1504\/revisions\/1575"}],"wp:attachment":[{"href":"https:\/\/impromurcia.com\/index.php\/wp-json\/wp\/v2\/media?parent=1504"}],"curies":[{"name":"wp","href":"https:\/\/api.w.org\/{rel}","templated":true}]}}