{"id":1704,"date":"2023-10-24T16:22:06","date_gmt":"2023-10-24T16:22:06","guid":{"rendered":"https:\/\/impromurcia.com\/?page_id=1704"},"modified":"2023-10-24T16:26:00","modified_gmt":"2023-10-24T16:26:00","slug":"cosicas-pequenas","status":"publish","type":"page","link":"https:\/\/impromurcia.com\/index.php\/cosicas-pequenas\/","title":{"rendered":"Cosicas peque\u00f1as"},"content":{"rendered":"\t\t<div data-elementor-type=\"wp-page\" data-elementor-id=\"1704\" class=\"elementor elementor-1704\">\n\t\t\t\t\t\t<section class=\"elementor-section elementor-top-section elementor-element elementor-element-607e225 elementor-section-stretched elementor-section-boxed elementor-section-height-default elementor-section-height-default\" data-id=\"607e225\" data-element_type=\"section\" data-settings=\"{&quot;stretch_section&quot;:&quot;section-stretched&quot;,&quot;background_background&quot;:&quot;classic&quot;}\">\n\t\t\t\t\t\t<div class=\"elementor-container elementor-column-gap-default\">\n\t\t\t\t\t<div class=\"elementor-column elementor-col-100 elementor-top-column elementor-element elementor-element-4fadcac\" data-id=\"4fadcac\" data-element_type=\"column\">\n\t\t\t<div class=\"elementor-widget-wrap elementor-element-populated\">\n\t\t\t\t\t\t<div class=\"elementor-element elementor-element-c8f2a38 elementor-widget elementor-widget-heading\" data-id=\"c8f2a38\" data-element_type=\"widget\" data-widget_type=\"heading.default\">\n\t\t\t\t<div class=\"elementor-widget-container\">\n\t\t\t\t\t<h2 class=\"elementor-heading-title elementor-size-default\">Cosicas peque\u00f1as<\/h2>\t\t\t\t<\/div>\n\t\t\t\t<\/div>\n\t\t\t\t\t<\/div>\n\t\t<\/div>\n\t\t\t\t\t<\/div>\n\t\t<\/section>\n\t\t\t\t<section class=\"elementor-section elementor-top-section elementor-element elementor-element-2000cc4 elementor-section-stretched elementor-section-boxed elementor-section-height-default elementor-section-height-default\" data-id=\"2000cc4\" data-element_type=\"section\" data-settings=\"{&quot;stretch_section&quot;:&quot;section-stretched&quot;,&quot;background_background&quot;:&quot;classic&quot;}\">\n\t\t\t\t\t\t<div class=\"elementor-container elementor-column-gap-default\">\n\t\t\t\t\t<div class=\"elementor-column elementor-col-33 elementor-top-column elementor-element elementor-element-7fe9a7f\" data-id=\"7fe9a7f\" data-element_type=\"column\">\n\t\t\t<div class=\"elementor-widget-wrap elementor-element-populated\">\n\t\t\t\t\t\t<div class=\"elementor-element elementor-element-3555155 elementor-widget elementor-widget-image\" data-id=\"3555155\" data-element_type=\"widget\" data-widget_type=\"image.default\">\n\t\t\t\t<div class=\"elementor-widget-container\">\n\t\t\t\t\t\t\t\t\t\t\t\t\t\t\t<img fetchpriority=\"high\" decoding=\"async\" width=\"724\" height=\"1024\" src=\"https:\/\/impromurcia.com\/wp-content\/uploads\/2023\/10\/cosicas-pequenas-724x1024.png\" class=\"attachment-large size-large wp-image-1706\" alt=\"\" srcset=\"https:\/\/impromurcia.com\/wp-content\/uploads\/2023\/10\/cosicas-pequenas-724x1024.png 724w, https:\/\/impromurcia.com\/wp-content\/uploads\/2023\/10\/cosicas-pequenas-212x300.png 212w, https:\/\/impromurcia.com\/wp-content\/uploads\/2023\/10\/cosicas-pequenas-768x1086.png 768w, https:\/\/impromurcia.com\/wp-content\/uploads\/2023\/10\/cosicas-pequenas-1086x1536.png 1086w, https:\/\/impromurcia.com\/wp-content\/uploads\/2023\/10\/cosicas-pequenas-1448x2048.png 1448w, https:\/\/impromurcia.com\/wp-content\/uploads\/2023\/10\/cosicas-pequenas-830x1174.png 830w, https:\/\/impromurcia.com\/wp-content\/uploads\/2023\/10\/cosicas-pequenas-230x325.png 230w, https:\/\/impromurcia.com\/wp-content\/uploads\/2023\/10\/cosicas-pequenas-350x495.png 350w, https:\/\/impromurcia.com\/wp-content\/uploads\/2023\/10\/cosicas-pequenas-480x679.png 480w, https:\/\/impromurcia.com\/wp-content\/uploads\/2023\/10\/cosicas-pequenas-600x849.png 600w\" sizes=\"(max-width: 724px) 100vw, 724px\" \/>\t\t\t\t\t\t\t\t\t\t\t\t\t\t\t<\/div>\n\t\t\t\t<\/div>\n\t\t\t\t\t<\/div>\n\t\t<\/div>\n\t\t\t\t<div class=\"elementor-column elementor-col-66 elementor-top-column elementor-element elementor-element-38e9369\" data-id=\"38e9369\" data-element_type=\"column\">\n\t\t\t<div class=\"elementor-widget-wrap elementor-element-populated\">\n\t\t\t\t\t\t<div class=\"elementor-element elementor-element-254b204 elementor-widget elementor-widget-text-editor\" data-id=\"254b204\" data-element_type=\"widget\" data-widget_type=\"text-editor.default\">\n\t\t\t\t<div class=\"elementor-widget-container\">\n\t\t\t\t\t\t\t\t\t<p><strong>Cosicas peque\u00f1as: teatro de improvisaci\u00f3n para toda la familia<\/strong><\/p><p>Un espect\u00e1culo de teatro de improvisaci\u00f3n para toda la familia donde nos divertiremos contando historias de las cosas grandes y de las cosas peque\u00f1as.<\/p><p>\u00bfTe imaginas un pinguino que se vuelve rey y salva a su pueblo? \u00bfO una chica que quiere ser astronauta y acaba llevando a su abuelo a la Luna? Bienvenidos a un espect\u00e1culo interactivo, divertido y din\u00e1mico donde la creatividad es la protagonista. Se trata de una experiencia inolvidable que inspirar\u00e1 a los ni\u00f1os a apreciar el mundo que les rodea, tanto grande como peque\u00f1o.<\/p><p>Ven y \u00fanete a nosotros en este viaje m\u00e1gico al mundo de lo diminuto.<\/p>\t\t\t\t\t\t\t\t<\/div>\n\t\t\t\t<\/div>\n\t\t\t\t\t<\/div>\n\t\t<\/div>\n\t\t\t\t\t<\/div>\n\t\t<\/section>\n\t\t\t\t<section class=\"elementor-section elementor-top-section elementor-element elementor-element-89b6604 elementor-section-stretched elementor-section-boxed elementor-section-height-default elementor-section-height-default\" data-id=\"89b6604\" data-element_type=\"section\" data-settings=\"{&quot;stretch_section&quot;:&quot;section-stretched&quot;,&quot;background_background&quot;:&quot;classic&quot;}\">\n\t\t\t\t\t\t<div class=\"elementor-container elementor-column-gap-default\">\n\t\t\t\t\t<div class=\"elementor-column elementor-col-100 elementor-top-column elementor-element elementor-element-c3aa5a5\" data-id=\"c3aa5a5\" data-element_type=\"column\">\n\t\t\t<div class=\"elementor-widget-wrap elementor-element-populated\">\n\t\t\t\t\t\t<div class=\"elementor-element elementor-element-7955695 elementor-widget elementor-widget-spacer\" data-id=\"7955695\" data-element_type=\"widget\" data-widget_type=\"spacer.default\">\n\t\t\t\t<div class=\"elementor-widget-container\">\n\t\t\t\t\t\t\t<div class=\"elementor-spacer\">\n\t\t\t<div class=\"elementor-spacer-inner\"><\/div>\n\t\t<\/div>\n\t\t\t\t\t\t<\/div>\n\t\t\t\t<\/div>\n\t\t\t\t\t<\/div>\n\t\t<\/div>\n\t\t\t\t\t<\/div>\n\t\t<\/section>\n\t\t\t\t<\/div>\n\t\t","protected":false},"excerpt":{"rendered":"<p>Cosicas peque\u00f1as Cosicas peque\u00f1as: teatro de improvisaci\u00f3n para toda la familia Un espect\u00e1culo de teatro de improvisaci\u00f3n para toda la familia donde nos divertiremos contando historias de las cosas grandes y de las cosas peque\u00f1as. \u00bfTe imaginas un pinguino que se vuelve rey y salva a su pueblo? \u00bfO una chica que quiere ser astronauta [&hellip;]<\/p>\n","protected":false},"author":1,"featured_media":0,"parent":0,"menu_order":0,"comment_status":"closed","ping_status":"closed","template":"","meta":{"footnotes":""},"class_list":["post-1704","page","type-page","status-publish","hentry"],"jetpack_sharing_enabled":true,"_links":{"self":[{"href":"https:\/\/impromurcia.com\/index.php\/wp-json\/wp\/v2\/pages\/1704","targetHints":{"allow":["GET"]}}],"collection":[{"href":"https:\/\/impromurcia.com\/index.php\/wp-json\/wp\/v2\/pages"}],"about":[{"href":"https:\/\/impromurcia.com\/index.php\/wp-json\/wp\/v2\/types\/page"}],"author":[{"embeddable":true,"href":"https:\/\/impromurcia.com\/index.php\/wp-json\/wp\/v2\/users\/1"}],"replies":[{"embeddable":true,"href":"https:\/\/impromurcia.com\/index.php\/wp-json\/wp\/v2\/comments?post=1704"}],"version-history":[{"count":4,"href":"https:\/\/impromurcia.com\/index.php\/wp-json\/wp\/v2\/pages\/1704\/revisions"}],"predecessor-version":[{"id":1709,"href":"https:\/\/impromurcia.com\/index.php\/wp-json\/wp\/v2\/pages\/1704\/revisions\/1709"}],"wp:attachment":[{"href":"https:\/\/impromurcia.com\/index.php\/wp-json\/wp\/v2\/media?parent=1704"}],"curies":[{"name":"wp","href":"https:\/\/api.w.org\/{rel}","templated":true}]}}