{"id":1718,"date":"2023-12-22T11:13:12","date_gmt":"2023-12-22T11:13:12","guid":{"rendered":"https:\/\/impromurcia.com\/?page_id=1718"},"modified":"2023-12-22T16:36:36","modified_gmt":"2023-12-22T16:36:36","slug":"regalaimpro","status":"publish","type":"page","link":"https:\/\/impromurcia.com\/index.php\/regalaimpro\/","title":{"rendered":"Regala Impro"},"content":{"rendered":"\t\t<div data-elementor-type=\"wp-page\" data-elementor-id=\"1718\" class=\"elementor elementor-1718\">\n\t\t\t\t\t\t<section class=\"elementor-section elementor-top-section elementor-element elementor-element-a96f7b5 elementor-section-stretched elementor-section-boxed elementor-section-height-default elementor-section-height-default\" data-id=\"a96f7b5\" data-element_type=\"section\" data-settings=\"{&quot;stretch_section&quot;:&quot;section-stretched&quot;,&quot;background_background&quot;:&quot;classic&quot;}\">\n\t\t\t\t\t\t<div class=\"elementor-container elementor-column-gap-default\">\n\t\t\t\t\t<div class=\"elementor-column elementor-col-50 elementor-top-column elementor-element elementor-element-951054a\" data-id=\"951054a\" data-element_type=\"column\">\n\t\t\t<div class=\"elementor-widget-wrap elementor-element-populated\">\n\t\t\t\t\t\t<div class=\"elementor-element elementor-element-2f1710b elementor-widget elementor-widget-image\" data-id=\"2f1710b\" data-element_type=\"widget\" data-widget_type=\"image.default\">\n\t\t\t\t<div class=\"elementor-widget-container\">\n\t\t\t\t\t\t\t\t\t\t\t\t\t\t\t<img fetchpriority=\"high\" decoding=\"async\" width=\"1024\" height=\"1024\" src=\"https:\/\/impromurcia.com\/wp-content\/uploads\/2023\/12\/Tarjeta-regalo-instagram-1024x1024.png\" class=\"attachment-large size-large wp-image-1720\" alt=\"\" srcset=\"https:\/\/impromurcia.com\/wp-content\/uploads\/2023\/12\/Tarjeta-regalo-instagram-1024x1024.png 1024w, https:\/\/impromurcia.com\/wp-content\/uploads\/2023\/12\/Tarjeta-regalo-instagram-300x300.png 300w, https:\/\/impromurcia.com\/wp-content\/uploads\/2023\/12\/Tarjeta-regalo-instagram-150x150.png 150w, https:\/\/impromurcia.com\/wp-content\/uploads\/2023\/12\/Tarjeta-regalo-instagram-768x768.png 768w, https:\/\/impromurcia.com\/wp-content\/uploads\/2023\/12\/Tarjeta-regalo-instagram-1536x1536.png 1536w, https:\/\/impromurcia.com\/wp-content\/uploads\/2023\/12\/Tarjeta-regalo-instagram-2048x2048.png 2048w, https:\/\/impromurcia.com\/wp-content\/uploads\/2023\/12\/Tarjeta-regalo-instagram-830x830.png 830w, https:\/\/impromurcia.com\/wp-content\/uploads\/2023\/12\/Tarjeta-regalo-instagram-230x230.png 230w, https:\/\/impromurcia.com\/wp-content\/uploads\/2023\/12\/Tarjeta-regalo-instagram-350x350.png 350w, https:\/\/impromurcia.com\/wp-content\/uploads\/2023\/12\/Tarjeta-regalo-instagram-480x480.png 480w, https:\/\/impromurcia.com\/wp-content\/uploads\/2023\/12\/Tarjeta-regalo-instagram-600x600.png 600w, https:\/\/impromurcia.com\/wp-content\/uploads\/2023\/12\/Tarjeta-regalo-instagram-100x100.png 100w\" sizes=\"(max-width: 1024px) 100vw, 1024px\" \/>\t\t\t\t\t\t\t\t\t\t\t\t\t\t\t<\/div>\n\t\t\t\t<\/div>\n\t\t\t\t\t<\/div>\n\t\t<\/div>\n\t\t\t\t<div class=\"elementor-column elementor-col-50 elementor-top-column elementor-element elementor-element-dc00306\" data-id=\"dc00306\" data-element_type=\"column\">\n\t\t\t<div class=\"elementor-widget-wrap elementor-element-populated\">\n\t\t\t\t\t\t<div class=\"elementor-element elementor-element-9e060e0 elementor-widget elementor-widget-text-editor\" data-id=\"9e060e0\" data-element_type=\"widget\" data-widget_type=\"text-editor.default\">\n\t\t\t\t<div class=\"elementor-widget-container\">\n\t\t\t\t\t\t\t\t\t<p>\u00bfQuieres regalar entradas para un show? \u00bfUna mensualidad para nuestra escuela? Si has decidido <strong>regalar impro<\/strong> podemos ponerte las cosicas m\u00e1s f\u00e1ciles&#8230;<\/p><p>Pulsa en el enlace y descargar\u00e1s\u00a0 nuestra <strong>plantilla en PDF<\/strong> para que la imprimas y puedas hacer una dedicatoria bonica:<\/p>\t\t\t\t\t\t\t\t<\/div>\n\t\t\t\t<\/div>\n\t\t\t\t<div class=\"elementor-element elementor-element-c3b9442 elementor-align-center elementor-widget elementor-widget-button\" data-id=\"c3b9442\" data-element_type=\"widget\" data-widget_type=\"button.default\">\n\t\t\t\t<div class=\"elementor-widget-container\">\n\t\t\t\t\t\t\t\t\t<div class=\"elementor-button-wrapper\">\n\t\t\t\t\t<a class=\"elementor-button elementor-button-link elementor-size-sm\" href=\"https:\/\/impromurcia.com\/wp-content\/uploads\/2023\/12\/Tarjeta-regalo.pdf\" download=\"\">\n\t\t\t\t\t\t<span class=\"elementor-button-content-wrapper\">\n\t\t\t\t\t\t\t\t\t<span class=\"elementor-button-text\">Desc\u00e1rgalo<\/span>\n\t\t\t\t\t<\/span>\n\t\t\t\t\t<\/a>\n\t\t\t\t<\/div>\n\t\t\t\t\t\t\t\t<\/div>\n\t\t\t\t<\/div>\n\t\t\t\t\t<\/div>\n\t\t<\/div>\n\t\t\t\t\t<\/div>\n\t\t<\/section>\n\t\t\t\t<section class=\"elementor-section elementor-top-section elementor-element elementor-element-0762d8b elementor-section-stretched elementor-section-boxed elementor-section-height-default elementor-section-height-default\" data-id=\"0762d8b\" data-element_type=\"section\" data-settings=\"{&quot;stretch_section&quot;:&quot;section-stretched&quot;,&quot;background_background&quot;:&quot;classic&quot;}\">\n\t\t\t\t\t\t<div class=\"elementor-container elementor-column-gap-default\">\n\t\t\t\t\t<div class=\"elementor-column elementor-col-100 elementor-top-column elementor-element elementor-element-9dae85b\" data-id=\"9dae85b\" data-element_type=\"column\">\n\t\t\t<div class=\"elementor-widget-wrap elementor-element-populated\">\n\t\t\t\t\t\t<div class=\"elementor-element elementor-element-3391651 elementor-widget elementor-widget-spacer\" data-id=\"3391651\" data-element_type=\"widget\" data-widget_type=\"spacer.default\">\n\t\t\t\t<div class=\"elementor-widget-container\">\n\t\t\t\t\t\t\t<div class=\"elementor-spacer\">\n\t\t\t<div class=\"elementor-spacer-inner\"><\/div>\n\t\t<\/div>\n\t\t\t\t\t\t<\/div>\n\t\t\t\t<\/div>\n\t\t\t\t\t<\/div>\n\t\t<\/div>\n\t\t\t\t\t<\/div>\n\t\t<\/section>\n\t\t\t\t<\/div>\n\t\t","protected":false},"excerpt":{"rendered":"<p>\u00bfQuieres regalar entradas para un show? \u00bfUna mensualidad para nuestra escuela? Si has decidido regalar impro podemos ponerte las cosicas m\u00e1s f\u00e1ciles&#8230; Pulsa en el enlace y descargar\u00e1s&nbsp; nuestra plantilla en PDF para que la imprimas y puedas hacer una dedicatoria bonica: Desc\u00e1rgalo<\/p>\n","protected":false},"author":1,"featured_media":0,"parent":0,"menu_order":0,"comment_status":"closed","ping_status":"closed","template":"","meta":{"footnotes":""},"class_list":["post-1718","page","type-page","status-publish","hentry"],"jetpack_sharing_enabled":true,"_links":{"self":[{"href":"https:\/\/impromurcia.com\/index.php\/wp-json\/wp\/v2\/pages\/1718","targetHints":{"allow":["GET"]}}],"collection":[{"href":"https:\/\/impromurcia.com\/index.php\/wp-json\/wp\/v2\/pages"}],"about":[{"href":"https:\/\/impromurcia.com\/index.php\/wp-json\/wp\/v2\/types\/page"}],"author":[{"embeddable":true,"href":"https:\/\/impromurcia.com\/index.php\/wp-json\/wp\/v2\/users\/1"}],"replies":[{"embeddable":true,"href":"https:\/\/impromurcia.com\/index.php\/wp-json\/wp\/v2\/comments?post=1718"}],"version-history":[{"count":5,"href":"https:\/\/impromurcia.com\/index.php\/wp-json\/wp\/v2\/pages\/1718\/revisions"}],"predecessor-version":[{"id":1726,"href":"https:\/\/impromurcia.com\/index.php\/wp-json\/wp\/v2\/pages\/1718\/revisions\/1726"}],"wp:attachment":[{"href":"https:\/\/impromurcia.com\/index.php\/wp-json\/wp\/v2\/media?parent=1718"}],"curies":[{"name":"wp","href":"https:\/\/api.w.org\/{rel}","templated":true}]}}