{"id":1823,"date":"2025-12-12T18:05:21","date_gmt":"2025-12-12T18:05:21","guid":{"rendered":"https:\/\/impromurcia.com\/?page_id=1823"},"modified":"2025-12-23T12:56:48","modified_gmt":"2025-12-23T12:56:48","slug":"las-noches-de-impro-huertana","status":"publish","type":"page","link":"https:\/\/impromurcia.com\/index.php\/las-noches-de-impro-huertana\/","title":{"rendered":"Las Noches de Impro Huertana"},"content":{"rendered":"\t\t<div data-elementor-type=\"wp-page\" data-elementor-id=\"1823\" class=\"elementor elementor-1823\">\n\t\t\t\t\t\t<section class=\"elementor-section elementor-top-section elementor-element elementor-element-a8bf338 elementor-section-stretched elementor-section-boxed elementor-section-height-default elementor-section-height-default\" data-id=\"a8bf338\" data-element_type=\"section\" data-settings=\"{&quot;stretch_section&quot;:&quot;section-stretched&quot;,&quot;background_background&quot;:&quot;classic&quot;}\">\n\t\t\t\t\t\t<div class=\"elementor-container elementor-column-gap-default\">\n\t\t\t\t\t<div class=\"elementor-column elementor-col-100 elementor-top-column elementor-element elementor-element-098c179\" data-id=\"098c179\" data-element_type=\"column\">\n\t\t\t<div class=\"elementor-widget-wrap elementor-element-populated\">\n\t\t\t\t\t\t<div class=\"elementor-element elementor-element-93347c5 elementor-widget elementor-widget-heading\" data-id=\"93347c5\" data-element_type=\"widget\" data-widget_type=\"heading.default\">\n\t\t\t\t<div class=\"elementor-widget-container\">\n\t\t\t\t\t<h2 class=\"elementor-heading-title elementor-size-default\">Las Noches de Impro Huertana<\/h2>\t\t\t\t<\/div>\n\t\t\t\t<\/div>\n\t\t\t\t\t<\/div>\n\t\t<\/div>\n\t\t\t\t\t<\/div>\n\t\t<\/section>\n\t\t\t\t<section class=\"elementor-section elementor-top-section elementor-element elementor-element-86d8382 elementor-section-stretched elementor-section-boxed elementor-section-height-default elementor-section-height-default\" data-id=\"86d8382\" data-element_type=\"section\" data-settings=\"{&quot;stretch_section&quot;:&quot;section-stretched&quot;,&quot;background_background&quot;:&quot;classic&quot;}\">\n\t\t\t\t\t\t<div class=\"elementor-container elementor-column-gap-default\">\n\t\t\t\t\t<div class=\"elementor-column elementor-col-33 elementor-top-column elementor-element elementor-element-e5daa47\" data-id=\"e5daa47\" data-element_type=\"column\">\n\t\t\t<div class=\"elementor-widget-wrap elementor-element-populated\">\n\t\t\t\t\t\t<div class=\"elementor-element elementor-element-af19ba4 elementor-widget elementor-widget-image\" data-id=\"af19ba4\" data-element_type=\"widget\" data-widget_type=\"image.default\">\n\t\t\t\t<div class=\"elementor-widget-container\">\n\t\t\t\t\t\t\t\t\t\t\t\t\t\t\t<img fetchpriority=\"high\" decoding=\"async\" width=\"724\" height=\"1024\" src=\"https:\/\/impromurcia.com\/wp-content\/uploads\/2025\/12\/NOCHESdef3-724x1024.png\" class=\"attachment-large size-large wp-image-1825\" alt=\"\" srcset=\"https:\/\/impromurcia.com\/wp-content\/uploads\/2025\/12\/NOCHESdef3-724x1024.png 724w, https:\/\/impromurcia.com\/wp-content\/uploads\/2025\/12\/NOCHESdef3-212x300.png 212w, https:\/\/impromurcia.com\/wp-content\/uploads\/2025\/12\/NOCHESdef3-768x1086.png 768w, https:\/\/impromurcia.com\/wp-content\/uploads\/2025\/12\/NOCHESdef3-1086x1536.png 1086w, https:\/\/impromurcia.com\/wp-content\/uploads\/2025\/12\/NOCHESdef3-1449x2048.png 1449w, https:\/\/impromurcia.com\/wp-content\/uploads\/2025\/12\/NOCHESdef3-830x1173.png 830w, https:\/\/impromurcia.com\/wp-content\/uploads\/2025\/12\/NOCHESdef3-230x325.png 230w, https:\/\/impromurcia.com\/wp-content\/uploads\/2025\/12\/NOCHESdef3-350x495.png 350w, https:\/\/impromurcia.com\/wp-content\/uploads\/2025\/12\/NOCHESdef3-480x679.png 480w, https:\/\/impromurcia.com\/wp-content\/uploads\/2025\/12\/NOCHESdef3-600x848.png 600w, https:\/\/impromurcia.com\/wp-content\/uploads\/2025\/12\/NOCHESdef3-scaled.png 1811w\" sizes=\"(max-width: 724px) 100vw, 724px\" \/>\t\t\t\t\t\t\t\t\t\t\t\t\t\t\t<\/div>\n\t\t\t\t<\/div>\n\t\t\t\t\t<\/div>\n\t\t<\/div>\n\t\t\t\t<div class=\"elementor-column elementor-col-66 elementor-top-column elementor-element elementor-element-970b7eb\" data-id=\"970b7eb\" data-element_type=\"column\">\n\t\t\t<div class=\"elementor-widget-wrap elementor-element-populated\">\n\t\t\t\t\t\t<div class=\"elementor-element elementor-element-84c9181 elementor-widget elementor-widget-text-editor\" data-id=\"84c9181\" data-element_type=\"widget\" data-widget_type=\"text-editor.default\">\n\t\t\t\t<div class=\"elementor-widget-container\">\n\t\t\t\t\t\t\t\t\t<p>\u00a1Las\u00a0<strong>Noches de Impro Huertana<\/strong>\u00a0son la fiesta de la impro en Murcia! Un punto de encuentro para la creatividad, el humor improvisado y las ganas de probar cosas nuevas sobre el escenario.<\/p><p>Este show es nuestro\u00a0<strong>laboratorio de ideas<\/strong>: un espacio donde experimentamos con formatos, juegos y propuestas que no ver\u00e1s en ning\u00fan otro espect\u00e1culo. Aqu\u00ed la impro se arriesga, se equivoca, se transforma y vuelve a empezar, siempre con el p\u00fablico muy cerquita y formando parte de la experiencia.<\/p><p>Cada noche es diferente, irrepetible y muy viva. Historias que nacen en el momento, personajes inesperados y ese caos maravilloso que solo ocurre cuando se mezclan imaginaci\u00f3n, juego y la huertica.<\/p><p>Somos\u00a0<strong>ImproMurcia<\/strong>\u00a0y la huerta pide historias.<br \/>Ven a\u00a0<strong>Las Noches de Impro Huertana<\/strong>\u00a0y d\u00e9jate sorprender.<\/p>\t\t\t\t\t\t\t\t<\/div>\n\t\t\t\t<\/div>\n\t\t\t\t<div class=\"elementor-element elementor-element-46b0278 elementor-widget elementor-widget-button\" data-id=\"46b0278\" data-element_type=\"widget\" data-widget_type=\"button.default\">\n\t\t\t\t<div class=\"elementor-widget-container\">\n\t\t\t\t\t\t\t\t\t<div class=\"elementor-button-wrapper\">\n\t\t\t\t\t<a class=\"elementor-button elementor-button-link elementor-size-sm\" href=\"https:\/\/entradium.com\/events\/las-noches-de-impro-huertana-impromurcia-8fe502de-39e7-41f5-b967-b288c35356c8\">\n\t\t\t\t\t\t<span class=\"elementor-button-content-wrapper\">\n\t\t\t\t\t\t\t\t\t<span class=\"elementor-button-text\">Entradas disponibles aqu\u00ed<\/span>\n\t\t\t\t\t<\/span>\n\t\t\t\t\t<\/a>\n\t\t\t\t<\/div>\n\t\t\t\t\t\t\t\t<\/div>\n\t\t\t\t<\/div>\n\t\t\t\t\t<\/div>\n\t\t<\/div>\n\t\t\t\t\t<\/div>\n\t\t<\/section>\n\t\t\t\t<\/div>\n\t\t","protected":false},"excerpt":{"rendered":"<p>Las Noches de Impro Huertana \u00a1Las\u00a0Noches de Impro Huertana\u00a0son la fiesta de la impro en Murcia! Un punto de encuentro para la creatividad, el humor improvisado y las ganas de probar cosas nuevas sobre el escenario. Este show es nuestro\u00a0laboratorio de ideas: un espacio donde experimentamos con formatos, juegos y propuestas que no ver\u00e1s en [&hellip;]<\/p>\n","protected":false},"author":1,"featured_media":0,"parent":0,"menu_order":0,"comment_status":"closed","ping_status":"closed","template":"","meta":{"footnotes":""},"class_list":["post-1823","page","type-page","status-publish","hentry"],"jetpack_sharing_enabled":true,"_links":{"self":[{"href":"https:\/\/impromurcia.com\/index.php\/wp-json\/wp\/v2\/pages\/1823","targetHints":{"allow":["GET"]}}],"collection":[{"href":"https:\/\/impromurcia.com\/index.php\/wp-json\/wp\/v2\/pages"}],"about":[{"href":"https:\/\/impromurcia.com\/index.php\/wp-json\/wp\/v2\/types\/page"}],"author":[{"embeddable":true,"href":"https:\/\/impromurcia.com\/index.php\/wp-json\/wp\/v2\/users\/1"}],"replies":[{"embeddable":true,"href":"https:\/\/impromurcia.com\/index.php\/wp-json\/wp\/v2\/comments?post=1823"}],"version-history":[{"count":22,"href":"https:\/\/impromurcia.com\/index.php\/wp-json\/wp\/v2\/pages\/1823\/revisions"}],"predecessor-version":[{"id":1911,"href":"https:\/\/impromurcia.com\/index.php\/wp-json\/wp\/v2\/pages\/1823\/revisions\/1911"}],"wp:attachment":[{"href":"https:\/\/impromurcia.com\/index.php\/wp-json\/wp\/v2\/media?parent=1823"}],"curies":[{"name":"wp","href":"https:\/\/api.w.org\/{rel}","templated":true}]}}